{"id":5104,"date":"2023-01-27T12:17:36","date_gmt":"2023-01-27T11:17:36","guid":{"rendered":"https:\/\/naturotraveller.com\/?page_id=5104"},"modified":"2023-03-17T17:49:53","modified_gmt":"2023-03-17T16:49:53","slug":"rando-cueillette","status":"publish","type":"page","link":"https:\/\/naturotraveller.com\/?page_id=5104","title":{"rendered":"Rando-cueillette"},"content":{"rendered":"\n<h2 class=\"wp-block-heading has-text-align-center\">Une Randonn\u00e9e Cueillette<\/h2>\n\n\n\n<div class=\"wp-block-columns is-layout-flex wp-container-core-columns-is-layout-7387b849 wp-block-columns-is-layout-flex\">\n<div class=\"wp-block-column is-layout-flow wp-block-column-is-layout-flow\">\n<p class=\"wp-block-paragraph\">D\u00e9couvrez votre vraie nature ! Les sorties sont toujours associ\u00e9es \u00e0 des ateliers initiatiques au cours desquels je vous invite \u00e0 utiliser tous vos sens pour \u00e9couter, regarder, toucher, sentir et&#8230; go\u00fbter la Nature ! Je vous donne les cl\u00e9s pour reconna\u00eetre de nombreuses plantes sauvages, famili\u00e8res et connues, apprendre leur fonctionnement et leurs bienfaits sur notre sant\u00e9 et notre bien-\u00eatre<\/p>\n\n\n\n<p class=\"wp-block-paragraph\">Mes randonn\u00e9es dans les espaces naturels. Sur le chemin de la connaissance Savoir pour aimer, aimer pour comprendre, comprendre pour agir. 4 heures m\u00ealent partage, convivialit\u00e9 et conseils naturopathiques. Je m&rsquo;adapte aux saisons mais aussi \u00e0 vos envies, \u00e0 votre condition physique pour vous rendre sensible et r\u00e9ceptif aux vastes propri\u00e9t\u00e9s v\u00e9g\u00e9tales et apprendre ce que la biosph\u00e8re peut vous offrir. Soyez au RDV un escape game en for\u00eat vous attends. Un format initiation d&rsquo;une 1h est aussi disponible.<\/p>\n\n\n\n<p class=\"wp-block-paragraph\">Dur\u00e9e : 3h00 &#8211; 4h00<\/p>\n\n\n\n<p class=\"wp-block-paragraph\">Tarif : 40,00 \u20ac<\/p>\n\n\n\n<div class=\"wp-block-buttons is-layout-flex wp-block-buttons-is-layout-flex\">\n<div class=\"wp-block-button\"><a class=\"wp-block-button__link wp-element-button\" href=\"https:\/\/naturotraveller.com\/?page_id=5145\">Prendre Rendez-vous<\/a><\/div>\n<\/div>\n<\/div>\n\n\n\n<div class=\"wp-block-column is-layout-flow wp-block-column-is-layout-flow\">\n<figure class=\"wp-block-image aligncenter size-full is-style-rounded\"><img loading=\"lazy\" decoding=\"async\" width=\"370\" height=\"438\" src=\"https:\/\/naturotraveller.com\/wp-content\/uploads\/2023\/01\/randonnee2.webp\" alt=\"femme avec un sac \u00e0 dos et une lanterne\" class=\"wp-image-5072\" srcset=\"https:\/\/naturotraveller.com\/wp-content\/uploads\/2023\/01\/randonnee2.webp 370w, https:\/\/naturotraveller.com\/wp-content\/uploads\/2023\/01\/randonnee2-253x300.webp 253w\" sizes=\"auto, (max-width: 370px) 100vw, 370px\" \/><\/figure>\n<\/div>\n<\/div>\n\n\n\n<h3 class=\"wp-block-heading has-text-align-center\">Inscriptions de Groupe<\/h3>\n\n\n<div class=\"wpforms-container wpforms-container-full wpforms-block\" id=\"wpforms-4508\"><form id=\"wpforms-form-4508\" class=\"wpforms-validate wpforms-form\" data-formid=\"4508\" method=\"post\" enctype=\"multipart\/form-data\" action=\"\/index.php?rest_route=%2Fwp%2Fv2%2Fpages%2F5104\" data-token=\"ac7eabf642d6fb63e13094204fe9abd5\" data-token-time=\"1777389229\"><noscript class=\"wpforms-error-noscript\">Veuillez activer JavaScript dans votre navigateur pour remplir ce formulaire.<\/noscript><div class=\"wpforms-field-container\"><div id=\"wpforms-4508-field_0-container\" class=\"wpforms-field wpforms-field-name\" data-field-id=\"0\"><label class=\"wpforms-field-label\">Nom <span class=\"wpforms-required-label\">*<\/span><\/label><div class=\"wpforms-field-row wpforms-field-medium\"><div class=\"wpforms-field-row-block wpforms-first wpforms-one-half\"><input type=\"text\" id=\"wpforms-4508-field_0\" class=\"wpforms-field-name-first wpforms-field-required\" name=\"wpforms[fields][0][first]\" required><label for=\"wpforms-4508-field_0\" class=\"wpforms-field-sublabel after\">Pr\u00e9nom<\/label><\/div><div class=\"wpforms-field-row-block wpforms-one-half\"><input type=\"text\" id=\"wpforms-4508-field_0-last\" class=\"wpforms-field-name-last wpforms-field-required\" name=\"wpforms[fields][0][last]\" required><label for=\"wpforms-4508-field_0-last\" class=\"wpforms-field-sublabel after\">Nom<\/label><\/div><\/div><\/div><div id=\"wpforms-4508-field_1-container\" class=\"wpforms-field wpforms-field-email\" data-field-id=\"1\"><label class=\"wpforms-field-label\" for=\"wpforms-4508-field_1\">E-mail <span class=\"wpforms-required-label\">*<\/span><\/label><input type=\"email\" id=\"wpforms-4508-field_1\" class=\"wpforms-field-medium wpforms-field-required\" name=\"wpforms[fields][1]\" spellcheck=\"false\" required><div class=\"wpforms-field-description\">Veuillez saisir votre e-mail, afin que nous puissions vous contacter pour le suivi.<\/div><\/div><div id=\"wpforms-4508-field_2-container\" class=\"wpforms-field wpforms-field-radio\" data-field-id=\"2\"><label class=\"wpforms-field-label\">Pour quel service voulez vous inscrire un groupe de plus de 5 personnes\u00a0? <span class=\"wpforms-required-label\">*<\/span><\/label><ul id=\"wpforms-4508-field_2\" class=\"wpforms-field-required\"><li class=\"choice-1 depth-1\"><input type=\"radio\" id=\"wpforms-4508-field_2_1\" name=\"wpforms[fields][2]\" value=\"Balades plantes comestibles\" required ><label class=\"wpforms-field-label-inline\" for=\"wpforms-4508-field_2_1\">Balades plantes comestibles<\/label><\/li><li class=\"choice-2 depth-1\"><input type=\"radio\" id=\"wpforms-4508-field_2_2\" name=\"wpforms[fields][2]\" value=\"S\u00e9ances de sport\" required ><label class=\"wpforms-field-label-inline\" for=\"wpforms-4508-field_2_2\">S\u00e9ances de sport<\/label><\/li><\/ul><\/div><div id=\"wpforms-4508-field_4-container\" class=\"wpforms-field wpforms-field-textarea\" data-field-id=\"4\"><label class=\"wpforms-field-label\" for=\"wpforms-4508-field_4\">Merci d&#039;indiquer les Noms, Pr\u00e9noms et Mail de toutes les personnes du groupe <span class=\"wpforms-required-label\">*<\/span><\/label><textarea id=\"wpforms-4508-field_4\" class=\"wpforms-field-medium wpforms-field-required\" name=\"wpforms[fields][4]\" required><\/textarea><\/div><div id=\"wpforms-4508-field_5-container\" class=\"wpforms-field wpforms-field-textarea\" data-field-id=\"5\"><label class=\"wpforms-field-label\" for=\"wpforms-4508-field_5\">Inscrivez les diff\u00e9rentes dates selon vos dispinibilit\u00e9s <span class=\"wpforms-required-label\">*<\/span><\/label><textarea id=\"wpforms-4508-field_5\" class=\"wpforms-field-medium wpforms-field-required\" name=\"wpforms[fields][5]\" required><\/textarea><\/div><\/div><!-- .wpforms-field-container --><div class=\"wpforms-recaptcha-container wpforms-is-recaptcha wpforms-is-recaptcha-type-v2\" ><div class=\"g-recaptcha\" data-sitekey=\"6LdTBEAaAAAAAAU43L7VpHruh3Dl_VC6xEWWQ_jL\"><\/div><input type=\"text\" name=\"g-recaptcha-hidden\" class=\"wpforms-recaptcha-hidden\" style=\"position:absolute!important;clip:rect(0,0,0,0)!important;height:1px!important;width:1px!important;border:0!important;overflow:hidden!important;padding:0!important;margin:0!important;\" data-rule-recaptcha=\"1\"><\/div><div class=\"wpforms-submit-container\" ><input type=\"hidden\" name=\"wpforms[id]\" value=\"4508\"><input type=\"hidden\" name=\"page_title\" value=\"\"><input type=\"hidden\" name=\"page_url\" value=\"https:\/\/naturotraveller.com\/index.php?rest_route=\/wp\/v2\/pages\/5104\"><input type=\"hidden\" name=\"url_referer\" value=\"\"><button type=\"submit\" name=\"wpforms[submit]\" id=\"wpforms-submit-4508\" class=\"wpforms-submit\" data-alt-text=\"Envoi...\" data-submit-text=\"Envoyer\" aria-live=\"assertive\" value=\"wpforms-submit\">Envoyer<\/button><\/div><\/form><\/div>  <!-- .wpforms-container -->","protected":false},"excerpt":{"rendered":"<p>Une Randonn\u00e9e Cueillette D\u00e9couvrez votre vraie nature ! Les sorties sont toujours associ\u00e9es \u00e0 des ateliers initiatiques au cours desquels je vous invite \u00e0 utiliser tous vos sens pour \u00e9couter, regarder, toucher, sentir et&#8230; go\u00fbter la Nature ! Je vous donne les cl\u00e9s pour reconna\u00eetre de nombreuses plantes sauvages, famili\u00e8res et connues, apprendre leur fonctionnement [&hellip;]<\/p>\n","protected":false},"author":1,"featured_media":0,"parent":0,"menu_order":0,"comment_status":"closed","ping_status":"closed","template":"","meta":{"_crdt_document":"","site-sidebar-layout":"default","site-content-layout":"","ast-site-content-layout":"default","site-content-style":"default","site-sidebar-style":"default","ast-global-header-display":"","ast-banner-title-visibility":"","ast-main-header-display":"","ast-hfb-above-header-display":"","ast-hfb-below-header-display":"","ast-hfb-mobile-header-display":"","site-post-title":"disabled","ast-breadcrumbs-content":"","ast-featured-img":"","footer-sml-layout":"","ast-disable-related-posts":"","theme-transparent-header-meta":"","adv-header-id-meta":"","stick-header-meta":"","header-above-stick-meta":"","header-main-stick-meta":"","header-below-stick-meta":"","astra-migrate-meta-layouts":"default","ast-page-background-enabled":"default","ast-page-background-meta":{"desktop":{"background-color":"","background-image":"","background-repeat":"repeat","background-position":"center center","background-size":"auto","background-attachment":"scroll","background-type":"","background-media":"","overlay-type":"","overlay-color":"","overlay-opacity":"","overlay-gradient":""},"tablet":{"background-color":"","background-image":"","background-repeat":"repeat","background-position":"center center","background-size":"auto","background-attachment":"scroll","background-type":"","background-media":"","overlay-type":"","overlay-color":"","overlay-opacity":"","overlay-gradient":""},"mobile":{"background-color":"","background-image":"","background-repeat":"repeat","background-position":"center center","background-size":"auto","background-attachment":"scroll","background-type":"","background-media":"","overlay-type":"","overlay-color":"","overlay-opacity":"","overlay-gradient":""}},"ast-content-background-meta":{"desktop":{"background-color":"var(--ast-global-color-5)","background-image":"","background-repeat":"repeat","background-position":"center center","background-size":"auto","background-attachment":"scroll","background-type":"","background-media":"","overlay-type":"","overlay-color":"","overlay-opacity":"","overlay-gradient":""},"tablet":{"background-color":"var(--ast-global-color-5)","background-image":"","background-repeat":"repeat","background-position":"center center","background-size":"auto","background-attachment":"scroll","background-type":"","background-media":"","overlay-type":"","overlay-color":"","overlay-opacity":"","overlay-gradient":""},"mobile":{"background-color":"var(--ast-global-color-5)","background-image":"","background-repeat":"repeat","background-position":"center center","background-size":"auto","background-attachment":"scroll","background-type":"","background-media":"","overlay-type":"","overlay-color":"","overlay-opacity":"","overlay-gradient":""}},"footnotes":""},"class_list":["post-5104","page","type-page","status-publish","hentry"],"_links":{"self":[{"href":"https:\/\/naturotraveller.com\/index.php?rest_route=\/wp\/v2\/pages\/5104","targetHints":{"allow":["GET"]}}],"collection":[{"href":"https:\/\/naturotraveller.com\/index.php?rest_route=\/wp\/v2\/pages"}],"about":[{"href":"https:\/\/naturotraveller.com\/index.php?rest_route=\/wp\/v2\/types\/page"}],"author":[{"embeddable":true,"href":"https:\/\/naturotraveller.com\/index.php?rest_route=\/wp\/v2\/users\/1"}],"replies":[{"embeddable":true,"href":"https:\/\/naturotraveller.com\/index.php?rest_route=%2Fwp%2Fv2%2Fcomments&post=5104"}],"version-history":[{"count":5,"href":"https:\/\/naturotraveller.com\/index.php?rest_route=\/wp\/v2\/pages\/5104\/revisions"}],"predecessor-version":[{"id":5183,"href":"https:\/\/naturotraveller.com\/index.php?rest_route=\/wp\/v2\/pages\/5104\/revisions\/5183"}],"wp:attachment":[{"href":"https:\/\/naturotraveller.com\/index.php?rest_route=%2Fwp%2Fv2%2Fmedia&parent=5104"}],"curies":[{"name":"wp","href":"https:\/\/api.w.org\/{rel}","templated":true}]}}