{"id":5097,"date":"2023-01-27T12:05:33","date_gmt":"2023-01-27T11:05:33","guid":{"rendered":"https:\/\/naturotraveller.com\/?page_id=5097"},"modified":"2024-03-24T17:23:34","modified_gmt":"2024-03-24T16:23:34","slug":"pack-vitalite","status":"publish","type":"page","link":"https:\/\/naturotraveller.com\/?page_id=5097","title":{"rendered":"Pack Vitalite"},"content":{"rendered":"\n<h2 class=\"wp-block-heading has-text-align-center\">Le Pack \u00ab\u00a0Vitalit\u00e9\u00a0\u00bb4 jours<\/h2>\n\n\n\n<div class=\"wp-block-columns is-layout-flex wp-container-core-columns-is-layout-7387b849 wp-block-columns-is-layout-flex\">\n<div class=\"wp-block-column is-layout-flow wp-block-column-is-layout-flow\">\n<p class=\"wp-block-paragraph\">Il comprend : <\/p>\n\n\n\n<ul class=\"wp-block-list\">\n<li><strong>Jour 1: Fondations de la Naturopathie et R\u00e9\u00e9quilibrage Alimentaire<\/strong><\/li>\n\n\n\n<li>Consultation en Naturopathie (1 heure)<\/li>\n\n\n\n<li>R\u00e9\u00e9quilibrage Alimentaire (1 heure)<\/li>\n\n\n\n<li><\/li>\n\n\n\n<li><strong>Jour 2: Immersion Pratique et Modification des Habitudes<\/strong><\/li>\n\n\n\n<li>Accompagnement Courses (2 heures)<\/li>\n\n\n\n<li>R\u00e9organisation du Frigo (1 heure)<\/li>\n\n\n\n<li>Conseils pour Changer les Habitudes (1h30)<\/li>\n\n\n\n<li><\/li>\n\n\n\n<li><strong>Jour 3: Activation Physique et Plan d&rsquo;Entra\u00eenement<\/strong><\/li>\n\n\n\n<li>S\u00e9ance d&rsquo;Activit\u00e9 Physique Adapt\u00e9e (1 heure)<\/li>\n\n\n\n<li>Mise en Place d&rsquo;un Plan d&rsquo;Entra\u00eenement (1 heure)<\/li>\n\n\n\n<li><\/li>\n\n\n\n<li><strong>Jour 4: Connexion avec la Nature et Soi-m\u00eame<\/strong><\/li>\n\n\n\n<li>Choisissez l&rsquo;une des sessions d&rsquo;1 heure suivantes:\n<ul class=\"wp-block-list\">\n<li>Initiation au Bain de For\u00eat + Initiation aux Exercices Respiratoires<\/li>\n<\/ul>\n<\/li>\n\n\n\n<li>S\u00e9ance d&rsquo;Activit\u00e9 Physique Adapt\u00e9e \u00e0 la Plage + Initiation aux Exercices Respiratoires<\/li>\n<\/ul>\n\n\n\n<p class=\"wp-block-paragraph\">Aujourd&rsquo;hui, tout s&rsquo;apprend, et tout peut \u00eatre valid\u00e9. On apprend \u00e0 lire, \u00e0 \u00e9crire, \u00e0 compter&#8230; Plus tard, on apprend \u00e0 conduire, on apprend un m\u00e9tier&#8230;<\/p>\n\n\n\n<p class=\"wp-block-paragraph\">Mais pourquoi n&rsquo;apprenons-nous pas \u00e0 manger, alors que c&rsquo;est l&rsquo;un des piliers de notre sant\u00e9 ?<\/p>\n\n\n\n<p class=\"wp-block-paragraph\">Plongez dans une exp\u00e9rience de transformation totale avec notre programme \u00ab\u00a0Vitalit\u00e9\u00a0\u00bb sur 4 jours ! De la consultation en naturopathie \u00e0 la revitalisation de vos habitudes quotidiennes, chaque \u00e9tape est con\u00e7ue pour vous r\u00e9veiller et vous revitaliser. <\/p>\n\n\n\n<p class=\"wp-block-paragraph\">Choisissez entre une immersion en pleine nature, des exercices respiratoires ou une s\u00e9ance d&rsquo;activit\u00e9 physique en bord de mer pour couronner votre parcours vers une sant\u00e9 et un bien-\u00eatre optimaux. <\/p>\n\n\n\n<p class=\"wp-block-paragraph\">Embarquez d\u00e8s aujourd&rsquo;hui et d\u00e9couvrez le meilleur de vous-m\u00eame en seulement quelques jours !<\/p>\n\n\n\n<p class=\"wp-block-paragraph\">Un pack complet permettant une prise en charge de l\u2019assiette aux baskets.<\/p>\n\n\n\n<p class=\"wp-block-paragraph\">Tarif : 415,00 \u20ac<\/p>\n\n\n\n<div class=\"wp-block-buttons is-layout-flex wp-block-buttons-is-layout-flex\">\n<div class=\"wp-block-button\"><a class=\"wp-block-button__link wp-element-button\" href=\"https:\/\/naturotraveller.com\/?page_id=5145\">Prendre Rendez-vous<\/a><\/div>\n<\/div>\n<\/div>\n\n\n\n<div class=\"wp-block-column is-layout-flow wp-block-column-is-layout-flow\">\n<figure class=\"wp-block-image aligncenter size-full is-style-rounded\"><img loading=\"lazy\" decoding=\"async\" width=\"370\" height=\"438\" src=\"https:\/\/naturotraveller.com\/wp-content\/uploads\/2023\/01\/vitalite-copie.webp\" alt=\"femme faisant un saut avec en fond l'ocean\" class=\"wp-image-5074\" srcset=\"https:\/\/naturotraveller.com\/wp-content\/uploads\/2023\/01\/vitalite-copie.webp 370w, https:\/\/naturotraveller.com\/wp-content\/uploads\/2023\/01\/vitalite-copie-253x300.webp 253w\" sizes=\"auto, (max-width: 370px) 100vw, 370px\" \/><\/figure>\n<\/div>\n<\/div>\n","protected":false},"excerpt":{"rendered":"<p>Le Pack \u00ab\u00a0Vitalit\u00e9\u00a0\u00bb4 jours Il comprend : Aujourd&rsquo;hui, tout s&rsquo;apprend, et tout peut \u00eatre valid\u00e9. On apprend \u00e0 lire, \u00e0 \u00e9crire, \u00e0 compter&#8230; Plus tard, on apprend \u00e0 conduire, on apprend un m\u00e9tier&#8230; Mais pourquoi n&rsquo;apprenons-nous pas \u00e0 manger, alors que c&rsquo;est l&rsquo;un des piliers de notre sant\u00e9 ? Plongez dans une exp\u00e9rience de transformation [&hellip;]<\/p>\n","protected":false},"author":1,"featured_media":0,"parent":0,"menu_order":0,"comment_status":"closed","ping_status":"closed","template":"","meta":{"_crdt_document":"","site-sidebar-layout":"default","site-content-layout":"","ast-site-content-layout":"default","site-content-style":"default","site-sidebar-style":"default","ast-global-header-display":"","ast-banner-title-visibility":"","ast-main-header-display":"","ast-hfb-above-header-display":"","ast-hfb-below-header-display":"","ast-hfb-mobile-header-display":"","site-post-title":"disabled","ast-breadcrumbs-content":"","ast-featured-img":"","footer-sml-layout":"","ast-disable-related-posts":"","theme-transparent-header-meta":"","adv-header-id-meta":"","stick-header-meta":"","header-above-stick-meta":"","header-main-stick-meta":"","header-below-stick-meta":"","astra-migrate-meta-layouts":"set","ast-page-background-enabled":"default","ast-page-background-meta":{"desktop":{"background-color":"","background-image":"","background-repeat":"repeat","background-position":"center center","background-size":"auto","background-attachment":"scroll","background-type":"","background-media":"","overlay-type":"","overlay-color":"","overlay-opacity":"","overlay-gradient":""},"tablet":{"background-color":"","background-image":"","background-repeat":"repeat","background-position":"center center","background-size":"auto","background-attachment":"scroll","background-type":"","background-media":"","overlay-type":"","overlay-color":"","overlay-opacity":"","overlay-gradient":""},"mobile":{"background-color":"","background-image":"","background-repeat":"repeat","background-position":"center center","background-size":"auto","background-attachment":"scroll","background-type":"","background-media":"","overlay-type":"","overlay-color":"","overlay-opacity":"","overlay-gradient":""}},"ast-content-background-meta":{"desktop":{"background-color":"var(--ast-global-color-5)","background-image":"","background-repeat":"repeat","background-position":"center center","background-size":"auto","background-attachment":"scroll","background-type":"","background-media":"","overlay-type":"","overlay-color":"","overlay-opacity":"","overlay-gradient":""},"tablet":{"background-color":"var(--ast-global-color-5)","background-image":"","background-repeat":"repeat","background-position":"center center","background-size":"auto","background-attachment":"scroll","background-type":"","background-media":"","overlay-type":"","overlay-color":"","overlay-opacity":"","overlay-gradient":""},"mobile":{"background-color":"var(--ast-global-color-5)","background-image":"","background-repeat":"repeat","background-position":"center center","background-size":"auto","background-attachment":"scroll","background-type":"","background-media":"","overlay-type":"","overlay-color":"","overlay-opacity":"","overlay-gradient":""}},"footnotes":""},"class_list":["post-5097","page","type-page","status-publish","hentry"],"_links":{"self":[{"href":"https:\/\/naturotraveller.com\/index.php?rest_route=\/wp\/v2\/pages\/5097","targetHints":{"allow":["GET"]}}],"collection":[{"href":"https:\/\/naturotraveller.com\/index.php?rest_route=\/wp\/v2\/pages"}],"about":[{"href":"https:\/\/naturotraveller.com\/index.php?rest_route=\/wp\/v2\/types\/page"}],"author":[{"embeddable":true,"href":"https:\/\/naturotraveller.com\/index.php?rest_route=\/wp\/v2\/users\/1"}],"replies":[{"embeddable":true,"href":"https:\/\/naturotraveller.com\/index.php?rest_route=%2Fwp%2Fv2%2Fcomments&post=5097"}],"version-history":[{"count":4,"href":"https:\/\/naturotraveller.com\/index.php?rest_route=\/wp\/v2\/pages\/5097\/revisions"}],"predecessor-version":[{"id":5226,"href":"https:\/\/naturotraveller.com\/index.php?rest_route=\/wp\/v2\/pages\/5097\/revisions\/5226"}],"wp:attachment":[{"href":"https:\/\/naturotraveller.com\/index.php?rest_route=%2Fwp%2Fv2%2Fmedia&parent=5097"}],"curies":[{"name":"wp","href":"https:\/\/api.w.org\/{rel}","templated":true}]}}