{"id":5060,"date":"2023-01-26T18:56:07","date_gmt":"2023-01-26T17:56:07","guid":{"rendered":"https:\/\/naturotraveller.com\/?page_id=5060"},"modified":"2023-11-20T15:58:47","modified_gmt":"2023-11-20T14:58:47","slug":"mes-services","status":"publish","type":"page","link":"https:\/\/naturotraveller.com\/?page_id=5060","title":{"rendered":"Mes Services"},"content":{"rendered":"\n<h2 class=\"wp-block-heading has-text-align-center\">Mes Services<\/h2>\n\n\n\n<div class=\"wp-block-columns is-layout-flex wp-container-core-columns-is-layout-7387b849 wp-block-columns-is-layout-flex\">\n<div class=\"wp-block-column is-layout-flow wp-block-column-is-layout-flow\">\n<figure class=\"wp-block-image aligncenter size-full\"><a href=\"https:\/\/naturotraveller.com\/?page_id=5092\"><img loading=\"lazy\" decoding=\"async\" width=\"370\" height=\"438\" src=\"https:\/\/naturotraveller.com\/wp-content\/uploads\/2023\/01\/naturopathie.webp\" alt=\"objets repr\u00e9sentant la naturopathie\" class=\"wp-image-5070\" srcset=\"https:\/\/naturotraveller.com\/wp-content\/uploads\/2023\/01\/naturopathie.webp 370w, https:\/\/naturotraveller.com\/wp-content\/uploads\/2023\/01\/naturopathie-253x300.webp 253w\" sizes=\"auto, (max-width: 370px) 100vw, 370px\" \/><\/a><\/figure>\n\n\n\n<h3 class=\"wp-block-heading has-text-align-center\"><a href=\"https:\/\/naturotraveller.com\/?page_id=5092\" data-type=\"page\" data-id=\"5092\">Consultation Naturopathie<\/a><\/h3>\n<\/div>\n\n\n\n<div class=\"wp-block-column is-layout-flow wp-block-column-is-layout-flow\">\n<figure class=\"wp-block-image aligncenter size-full\"><a href=\"https:\/\/naturotraveller.com\/?page_id=5094\"><img loading=\"lazy\" decoding=\"async\" width=\"370\" height=\"438\" src=\"https:\/\/naturotraveller.com\/wp-content\/uploads\/2023\/01\/suivinaturopathie.webp\" alt=\"huiles essentielles\" class=\"wp-image-5073\" srcset=\"https:\/\/naturotraveller.com\/wp-content\/uploads\/2023\/01\/suivinaturopathie.webp 370w, https:\/\/naturotraveller.com\/wp-content\/uploads\/2023\/01\/suivinaturopathie-253x300.webp 253w\" sizes=\"auto, (max-width: 370px) 100vw, 370px\" \/><\/a><\/figure>\n\n\n\n<h3 class=\"wp-block-heading has-text-align-center\"><a href=\"https:\/\/naturotraveller.com\/?page_id=5094\" data-type=\"page\" data-id=\"5094\">Consultation de suivi<\/a><\/h3>\n<\/div>\n\n\n\n<div class=\"wp-block-column is-layout-flow wp-block-column-is-layout-flow\">\n<figure class=\"wp-block-image aligncenter size-full\"><a href=\"https:\/\/naturotraveller.com\/?page_id=5112\"><img loading=\"lazy\" decoding=\"async\" width=\"370\" height=\"438\" src=\"https:\/\/naturotraveller.com\/wp-content\/uploads\/2023\/01\/massage.webp\" alt=\"femme noire se faisant masser la t\u00eate\" class=\"wp-image-5067\" srcset=\"https:\/\/naturotraveller.com\/wp-content\/uploads\/2023\/01\/massage.webp 370w, https:\/\/naturotraveller.com\/wp-content\/uploads\/2023\/01\/massage-253x300.webp 253w\" sizes=\"auto, (max-width: 370px) 100vw, 370px\" \/><\/a><\/figure>\n\n\n\n<h3 class=\"wp-block-heading has-text-align-center\"><a href=\"https:\/\/naturotraveller.com\/?page_id=5112\" data-type=\"page\" data-id=\"5112\">Massage<\/a><\/h3>\n<\/div>\n<\/div>\n\n\n\n<div class=\"wp-block-columns is-layout-flex wp-container-core-columns-is-layout-7387b849 wp-block-columns-is-layout-flex\">\n<div class=\"wp-block-column is-layout-flow wp-block-column-is-layout-flow\">\n<figure class=\"wp-block-image aligncenter size-full\"><a href=\"https:\/\/naturotraveller.com\/?page_id=5108\"><img loading=\"lazy\" decoding=\"async\" width=\"370\" height=\"438\" src=\"https:\/\/naturotraveller.com\/wp-content\/uploads\/2023\/01\/activitephysiqueseul.webp\" alt=\"femme en seance de crossfit\" class=\"wp-image-5066\" srcset=\"https:\/\/naturotraveller.com\/wp-content\/uploads\/2023\/01\/activitephysiqueseul.webp 370w, https:\/\/naturotraveller.com\/wp-content\/uploads\/2023\/01\/activitephysiqueseul-253x300.webp 253w\" sizes=\"auto, (max-width: 370px) 100vw, 370px\" \/><\/a><\/figure>\n\n\n\n<h3 class=\"wp-block-heading has-text-align-center\"><a href=\"https:\/\/naturotraveller.com\/?page_id=5108\" data-type=\"page\" data-id=\"5108\">Activit\u00e9 physique individuelle<\/a><\/h3>\n<\/div>\n\n\n\n<div class=\"wp-block-column is-layout-flow wp-block-column-is-layout-flow\">\n<figure class=\"wp-block-image aligncenter size-full\"><a href=\"https:\/\/naturotraveller.com\/?page_id=5110\"><img loading=\"lazy\" decoding=\"async\" width=\"370\" height=\"438\" src=\"https:\/\/naturotraveller.com\/wp-content\/uploads\/2023\/01\/activitephysiquegroupe.webp\" alt=\"femmes en vetements de sport\" class=\"wp-image-5065\" srcset=\"https:\/\/naturotraveller.com\/wp-content\/uploads\/2023\/01\/activitephysiquegroupe.webp 370w, https:\/\/naturotraveller.com\/wp-content\/uploads\/2023\/01\/activitephysiquegroupe-253x300.webp 253w\" sizes=\"auto, (max-width: 370px) 100vw, 370px\" \/><\/a><\/figure>\n\n\n\n<h3 class=\"wp-block-heading has-text-align-center\"><a href=\"https:\/\/naturotraveller.com\/?page_id=5110\" data-type=\"page\" data-id=\"5110\">Activit\u00e9 physique en groupe<\/a><\/h3>\n<\/div>\n\n\n\n<div class=\"wp-block-column is-layout-flow wp-block-column-is-layout-flow\">\n<figure class=\"wp-block-image aligncenter size-full\"><a href=\"https:\/\/naturotraveller.com\/?page_id=5104\"><img loading=\"lazy\" decoding=\"async\" width=\"370\" height=\"438\" src=\"https:\/\/naturotraveller.com\/wp-content\/uploads\/2023\/01\/randonnee2.webp\" alt=\"femme avec un sac \u00e0 dos et une lanterne\" class=\"wp-image-5072\" srcset=\"https:\/\/naturotraveller.com\/wp-content\/uploads\/2023\/01\/randonnee2.webp 370w, https:\/\/naturotraveller.com\/wp-content\/uploads\/2023\/01\/randonnee2-253x300.webp 253w\" sizes=\"auto, (max-width: 370px) 100vw, 370px\" \/><\/a><\/figure>\n\n\n\n<h3 class=\"wp-block-heading has-text-align-center\"><a href=\"https:\/\/naturotraveller.com\/?page_id=5104\" data-type=\"page\" data-id=\"5104\">Rando-Cueillette<\/a><\/h3>\n<\/div>\n<\/div>\n\n\n\n<div class=\"wp-block-columns is-layout-flex wp-container-core-columns-is-layout-7387b849 wp-block-columns-is-layout-flex\">\n<div class=\"wp-block-column is-layout-flow wp-block-column-is-layout-flow\">\n<figure class=\"wp-block-image aligncenter size-full\"><a href=\"https:\/\/naturotraveller.com\/?page_id=5097\"><img loading=\"lazy\" decoding=\"async\" width=\"370\" height=\"438\" src=\"https:\/\/naturotraveller.com\/wp-content\/uploads\/2023\/01\/vitalite-copie.webp\" alt=\"femme faisant un saut avec en fond l'ocean\" class=\"wp-image-5074\" srcset=\"https:\/\/naturotraveller.com\/wp-content\/uploads\/2023\/01\/vitalite-copie.webp 370w, https:\/\/naturotraveller.com\/wp-content\/uploads\/2023\/01\/vitalite-copie-253x300.webp 253w\" sizes=\"auto, (max-width: 370px) 100vw, 370px\" \/><\/a><\/figure>\n\n\n\n<h3 class=\"wp-block-heading has-text-align-center\"><a href=\"https:\/\/naturotraveller.com\/?page_id=5097\" data-type=\"page\" data-id=\"5097\">Pack retour \u00e0 la vitalit\u00e9<\/a><\/h3>\n<\/div>\n\n\n\n<div class=\"wp-block-column is-layout-flow wp-block-column-is-layout-flow\">\n<figure class=\"wp-block-image size-full\"><a href=\"https:\/\/naturotraveller.com\/?page_id=5188\"><img loading=\"lazy\" decoding=\"async\" width=\"370\" height=\"438\" src=\"https:\/\/naturotraveller.com\/wp-content\/uploads\/2023\/11\/sejour.webp\" alt=\"sejour aux antilles\" class=\"wp-image-5186\" srcset=\"https:\/\/naturotraveller.com\/wp-content\/uploads\/2023\/11\/sejour.webp 370w, https:\/\/naturotraveller.com\/wp-content\/uploads\/2023\/11\/sejour-253x300.webp 253w\" sizes=\"auto, (max-width: 370px) 100vw, 370px\" \/><\/a><\/figure>\n\n\n\n<h3 class=\"wp-block-heading has-text-align-center\"><a href=\"https:\/\/naturotraveller.com\/?page_id=5188\" data-type=\"page\" data-id=\"5188\">S\u00e9jours aux Antilles<\/a><\/h3>\n<\/div>\n\n\n\n<div class=\"wp-block-column is-layout-flow wp-block-column-is-layout-flow\">\n<figure class=\"wp-block-image aligncenter size-full\"><a href=\"https:\/\/naturotraveller.com\/?page_id=5101\"><img loading=\"lazy\" decoding=\"async\" width=\"370\" height=\"438\" src=\"https:\/\/naturotraveller.com\/wp-content\/uploads\/2023\/01\/mobilite.webp\" alt=\"homme age heureux apres une seance de sport\" class=\"wp-image-5068\" srcset=\"https:\/\/naturotraveller.com\/wp-content\/uploads\/2023\/01\/mobilite.webp 370w, https:\/\/naturotraveller.com\/wp-content\/uploads\/2023\/01\/mobilite-253x300.webp 253w\" sizes=\"auto, (max-width: 370px) 100vw, 370px\" \/><\/a><\/figure>\n\n\n\n<h3 class=\"wp-block-heading has-text-align-center\"><a href=\"https:\/\/naturotraveller.com\/?page_id=5101\" data-type=\"page\" data-id=\"5101\">Pack retour \u00e0 la mobilit\u00e9<\/a><\/h3>\n<\/div>\n<\/div>\n","protected":false},"excerpt":{"rendered":"<p>Mes Services Consultation Naturopathie Consultation de suivi Massage Activit\u00e9 physique individuelle Activit\u00e9 physique en groupe Rando-Cueillette Pack retour \u00e0 la vitalit\u00e9 S\u00e9jours aux Antilles Pack retour \u00e0 la mobilit\u00e9<\/p>\n","protected":false},"author":1,"featured_media":0,"parent":0,"menu_order":0,"comment_status":"closed","ping_status":"closed","template":"","meta":{"_crdt_document":"","site-sidebar-layout":"default","site-content-layout":"","ast-site-content-layout":"default","site-content-style":"default","site-sidebar-style":"default","ast-global-header-display":"","ast-banner-title-visibility":"","ast-main-header-display":"","ast-hfb-above-header-display":"","ast-hfb-below-header-display":"","ast-hfb-mobile-header-display":"","site-post-title":"disabled","ast-breadcrumbs-content":"","ast-featured-img":"","footer-sml-layout":"","ast-disable-related-posts":"","theme-transparent-header-meta":"","adv-header-id-meta":"","stick-header-meta":"","header-above-stick-meta":"","header-main-stick-meta":"","header-below-stick-meta":"","astra-migrate-meta-layouts":"set","ast-page-background-enabled":"default","ast-page-background-meta":{"desktop":{"background-color":"","background-image":"","background-repeat":"repeat","background-position":"center center","background-size":"auto","background-attachment":"scroll","background-type":"","background-media":"","overlay-type":"","overlay-color":"","overlay-opacity":"","overlay-gradient":""},"tablet":{"background-color":"","background-image":"","background-repeat":"repeat","background-position":"center center","background-size":"auto","background-attachment":"scroll","background-type":"","background-media":"","overlay-type":"","overlay-color":"","overlay-opacity":"","overlay-gradient":""},"mobile":{"background-color":"","background-image":"","background-repeat":"repeat","background-position":"center center","background-size":"auto","background-attachment":"scroll","background-type":"","background-media":"","overlay-type":"","overlay-color":"","overlay-opacity":"","overlay-gradient":""}},"ast-content-background-meta":{"desktop":{"background-color":"var(--ast-global-color-5)","background-image":"","background-repeat":"repeat","background-position":"center center","background-size":"auto","background-attachment":"scroll","background-type":"","background-media":"","overlay-type":"","overlay-color":"","overlay-opacity":"","overlay-gradient":""},"tablet":{"background-color":"var(--ast-global-color-5)","background-image":"","background-repeat":"repeat","background-position":"center center","background-size":"auto","background-attachment":"scroll","background-type":"","background-media":"","overlay-type":"","overlay-color":"","overlay-opacity":"","overlay-gradient":""},"mobile":{"background-color":"var(--ast-global-color-5)","background-image":"","background-repeat":"repeat","background-position":"center center","background-size":"auto","background-attachment":"scroll","background-type":"","background-media":"","overlay-type":"","overlay-color":"","overlay-opacity":"","overlay-gradient":""}},"footnotes":""},"class_list":["post-5060","page","type-page","status-publish","hentry"],"_links":{"self":[{"href":"https:\/\/naturotraveller.com\/index.php?rest_route=\/wp\/v2\/pages\/5060","targetHints":{"allow":["GET"]}}],"collection":[{"href":"https:\/\/naturotraveller.com\/index.php?rest_route=\/wp\/v2\/pages"}],"about":[{"href":"https:\/\/naturotraveller.com\/index.php?rest_route=\/wp\/v2\/types\/page"}],"author":[{"embeddable":true,"href":"https:\/\/naturotraveller.com\/index.php?rest_route=\/wp\/v2\/users\/1"}],"replies":[{"embeddable":true,"href":"https:\/\/naturotraveller.com\/index.php?rest_route=%2Fwp%2Fv2%2Fcomments&post=5060"}],"version-history":[{"count":7,"href":"https:\/\/naturotraveller.com\/index.php?rest_route=\/wp\/v2\/pages\/5060\/revisions"}],"predecessor-version":[{"id":5190,"href":"https:\/\/naturotraveller.com\/index.php?rest_route=\/wp\/v2\/pages\/5060\/revisions\/5190"}],"wp:attachment":[{"href":"https:\/\/naturotraveller.com\/index.php?rest_route=%2Fwp%2Fv2%2Fmedia&parent=5060"}],"curies":[{"name":"wp","href":"https:\/\/api.w.org\/{rel}","templated":true}]}}